{"id":7538,"date":"2024-06-26T18:06:48","date_gmt":"2024-06-26T16:06:48","guid":{"rendered":"https:\/\/mallorcapura.es\/?page_id=7538"},"modified":"2024-07-23T19:07:34","modified_gmt":"2024-07-23T17:07:34","slug":"gefuerte-route-interiordesign","status":"publish","type":"page","link":"https:\/\/mallorcapura.es\/de\/gefuerte-route-interiordesign\/","title":{"rendered":"Interior Design shops Routen"},"content":{"rendered":"<p>[vc_row css_animation=&#8220;&#8220; row_type=&#8220;row&#8220; use_row_as_full_screen_section=&#8220;no&#8220; type=&#8220;full_width&#8220; angled_section=&#8220;no&#8220; text_align=&#8220;left&#8220; background_image_as_pattern=&#8220;without_pattern&#8220;][vc_column][vc_empty_space][vc_row_inner row_type=&#8220;row&#8220; type=&#8220;full_width&#8220; text_align=&#8220;left&#8220; css_animation=&#8220;&#8220;][vc_column_inner width=&#8220;1\/2&#8243;][vc_empty_space][vc_column_text css=&#8220;.vc_custom_1720091076613{margin-right: -20px !important;margin-bottom: 60px !important;border-right-width: -20px !important;}&#8220;]<\/p>\n<h1 style=\"text-align: center;\">DIE PERFEKTE ROUTE F\u00dcR INNENEINRICHTUNGS-L\u00c4DEN AUF MALLORCA<\/h1>\n<p>[\/vc_column_text][vc_column_text css=&#8220;.vc_custom_1720091083564{margin-top: 20px !important;margin-right: -20px !important;border-right-width: -20px !important;padding-right: -30px !important;padding-left: -30px !important;}&#8220;]<\/p>\n<h4 style=\"text-align: center;\"><strong>Die Route\u00a0 ist ein sehr einfaches PDF Dokument mit <span style=\"color: #ff6600;\">den besten Inneneinrichtungs-Gesch\u00e4ften auf Mallorca, jeweils nach Gebiet<\/span>.<\/strong><\/h4>\n<p>[\/vc_column_text][vc_column_text css=&#8220;.vc_custom_1720091166831{margin-top: 20px !important;margin-right: -20px !important;border-right-width: -20px !important;padding-right: -30px !important;padding-left: -30px !important;}&#8220;]<\/p>\n<h4 style=\"text-align: center;\"><strong><span style=\"color: #ff6600;\">Suche nicht mehr verzweifelt nach Inneneinrichtungs-Gesch\u00e4ften in Google!<\/span><\/strong> <strong>Einige existieren l\u00e4ngst nicht mehr, die Guten findet man nicht und wieder andere sind es \u00fcberhaupt nicht wert!<\/strong><\/h4>\n<p>&nbsp;<\/p>\n<h4 style=\"text-align: center;\"><strong>Alle Routen sind wie ma\u00dfgeschneidert f\u00fcr Dich! Du erf\u00e4hrst genau, wo Du am besten parken kannst, wie weit die Gesch\u00e4fte voneinander entfernt sind, und ob man den Weg lieber zu Fu\u00df oder mit dem Auto machen sollte? <span style=\"color: #ff6600;\">Die perfekte Information, um deine Zeit und dein Geld optimal zu nutzen!<\/span><\/strong><\/h4>\n<p>[\/vc_column_text][vc_column_text css=&#8220;.vc_custom_1719593078647{margin-top: 20px !important;margin-right: -20px !important;border-right-width: -20px !important;padding-right: -30px !important;padding-left: -30px !important;}&#8220;]<\/p>\n<h4 style=\"text-align: center;\"><strong>Au\u00dferdem erf\u00e4hrst Du f\u00fcr jedes Gesch\u00e4ft <span style=\"color: #ff6600;\">einen Ansprechpartner und erh\u00e4lst exklusive Rabatte<\/span>, wenn Du den Mallorcapura-F\u00fchrer zeigst.<\/strong><\/h4>\n<p>[\/vc_column_text][\/vc_column_inner][vc_column_inner width=&#8220;1\/2&#8243;][vc_single_image image=&#8220;7589&#8243; img_size=&#8220;340&#215;600&#8243; alignment=&#8220;center&#8220; qode_css_animation=&#8220;element_from_right&#8220;][\/vc_column_inner][\/vc_row_inner][vc_empty_space][animated_icons_with_text columns=&#8220;four_columns&#8220;][animated_icon_with_text icon=&#8220;fa-address-book&#8220; title=&#8220;ROUTENPLANUNG&#8220; text=&#8220;Die Route ist geplant f\u00fcr einen ganzen Tag &#8222;Interior-Design-Shopping&#8222; um dein Haus perfekt einzurichten.&#8220; icon_color_hover=&#8220;#ffffff&#8220; icon_background_color_hover=&#8220;#f96424&#8243; icon_color=&#8220;#f96424&#8243; icon_background_color=&#8220;#ffffff&#8220; border_color=&#8220;#f96424&#8243; border_color_hover=&#8220;#ffffff&#8220;][animated_icon_with_text icon=&#8220;fa-circle&#8220; title=&#8220;DETAILLIERTE ANLEITUNG&#8220; text=&#8220;Alle wichtige Informationen mit genauen Anweisungen findest Du in diesem F\u00fchrer. So verlierst du keine Zeit umd verpasst nichts Wichtiges!&#8220; icon_color_hover=&#8220;#ffffff&#8220; icon_color=&#8220;#f96424&#8243; border_color=&#8220;#f96424&#8243; icon_background_color_hover=&#8220;#f96424&#8243; border_color_hover=&#8220;#ffffff&#8220;][animated_icon_with_text icon=&#8220;fa-money&#8220; title=&#8220;ERSPARNIS&#8220; text=&#8220;Profitiere von einem Rabatt zwischen 5% und 10% auf deine Eink\u00e4ufe!*&#8220; icon_color_hover=&#8220;#ffffff&#8220; icon_color=&#8220;#f96424&#8243; icon_background_color=&#8220;#ffffff&#8220; border_color=&#8220;#f96424&#8243; icon_background_color_hover=&#8220;#f96424&#8243; border_color_hover=&#8220;#ffffff&#8220;][animated_icon_with_text icon=&#8220;fa-female&#8220; title=&#8220;KONTAKTPERSON IM LADEN&#8220; text=&#8220;In jedem Gesch\u00e4ft wird dir ein Ansprechpartner genannt, der die Kommunikation und die Kl\u00e4rung von Fragen erleichtert um das Einkaufserlebnis zu verbessern.&#8220; icon_color_hover=&#8220;#ffffff&#8220; icon_color=&#8220;#f96424&#8243; icon_background_color=&#8220;#ffffff&#8220; border_color=&#8220;#f96424&#8243; icon_background_color_hover=&#8220;#f96424&#8243; border_color_hover=&#8220;#ffffff&#8220;][\/animated_icons_with_text][vc_empty_space][animated_icons_with_text columns=&#8220;four_columns&#8220;][animated_icon_with_text icon=&#8220;fa-puzzle-piece&#8220; title=&#8220;LEICHTE ENTSCHEIDUNG&#8220; text=&#8220;Vergiss die endlosen Interiordesign-Guides, die dich nur noch mehr verwirren. Unsere Route ist klar zu verstehen und hilft dir deine Zeit optimal zu nutzen. Jede Route enth\u00e4lt zwischen 6 und 9 Gesch\u00e4ften. Perfekt f\u00fcr einen ganzen Tag &#8222;Interior-Design-Shopping&#8222;!&#8220; icon_background_color=&#8220;#ffffff&#8220; icon_color=&#8220;#f96424&#8243; border_color=&#8220;#f96424&#8243; icon_color_hover=&#8220;#ffffff&#8220; icon_background_color_hover=&#8220;#f96424&#8243; border_color_hover=&#8220;#ffffff&#8220;][animated_icon_with_text icon=&#8220;fa-binoculars&#8220; title=&#8220;VORAUSWAHL DER GESCH\u00c4FTE:&#8220; text=&#8220;Ich habe alle Gesch\u00e4fte auf diesen Routen, aufgrund ihrer Qualit\u00e4t und Einzigartigkeit, pers\u00f6nlich ausgew\u00e4hlt. Dadurch wird jeder Besuch perfekt. Jedes Gesch\u00e4ft bietet ein gutes Preis-Leistungs-Verh\u00e4ltnis und einen optimalen Kundendienst.&#8220; icon_background_color=&#8220;#ffffff&#8220; icon_color=&#8220;#f96424&#8243; border_color=&#8220;#f96424&#8243; icon_color_hover=&#8220;#ffffff&#8220; icon_background_color_hover=&#8220;#f96424&#8243; border_color_hover=&#8220;#ffffff&#8220;][animated_icon_with_text icon=&#8220;fa-coffee&#8220; title=&#8220;INSIDER TIP F\u00dcR DIE PAUSE&#8220; text=&#8220;Mach eine besondere Pause! Iss ein paar Tapas oder trink einen Kaffee an einem besonderen Ort. Auf halber Strecke deiner Route empfehle ich dir ein Caf\u00e9 oder ein Restaurant,&#8220; icon_background_color=&#8220;#ffffff&#8220; icon_color=&#8220;#f96424&#8243; border_color=&#8220;#f96424&#8243; icon_color_hover=&#8220;#ffffff&#8220; icon_background_color_hover=&#8220;#f96424&#8243; border_color_hover=&#8220;#ffffff&#8220;][animated_icon_with_text icon=&#8220;fa-home&#8220; title=&#8220;ROUTE NACH BEDARF&#8220; text=&#8220;W\u00e4hle deine passende Route. Wenn Du ein Auto hast, w\u00e4hle die kombinierte Route &#8222;Palma und Umgebung&#8222; oder die &#8222;Premium-Route&#8222;. Falls du eine Route zu Fu\u00df bevorzugst, w\u00e4hle die &#8222;Route von der Kathedrale&#8222; aus.&#8220; icon_background_color=&#8220;#ffffff&#8220; icon_color=&#8220;#f96424&#8243; border_color=&#8220;#f96424&#8243; icon_color_hover=&#8220;#ffffff&#8220; icon_background_color_hover=&#8220;#f96424&#8243; border_color_hover=&#8220;#ffffff&#8220;][\/animated_icons_with_text][vc_empty_space][vc_column_text]<\/p>\n<h2 style=\"text-align: center;\">ROUTEN<\/h2>\n<p>[\/vc_column_text][vc_empty_space height=&#8220;64px&#8220;][vc_column_text css=&#8220;.vc_custom_1719475688169{padding-top: 5px !important;padding-bottom: 5px !important;padding-left: 30px !important;background-color: #f96424 !important;border-radius: 20px !important;}&#8220;]<\/p>\n<h3 style=\"text-align: left;\"><span style=\"color: #ffffff;\">Deutsch<\/span><\/h3>\n<p>[\/vc_column_text][vc_row_inner row_type=&#8220;row&#8220; type=&#8220;full_width&#8220; text_align=&#8220;left&#8220; css_animation=&#8220;&#8220;][vc_column_inner width=&#8220;1\/3&#8243;][vc_empty_space css=&#8220;.vc_custom_1718907120288{margin-right: 50px !important;margin-left: 50px !important;border-radius: 20px !important;}&#8220;]<div class=\"qode-info-card\">\n\t\t\t<div class=\"qode-info-card-image\" style=\"background-color:#c5dddc\">\n\t\t\t<img decoding=\"async\" src=\"https:\/\/mallorcapura.es\/wp-content\/uploads\/2024\/06\/Captura-de-pantalla-2024-06-29-a-las-18.41.17.png\" alt=\"\" \/>\n\t\t<\/div>\n\t\t<div class=\"qode-info-card-text-holder\" style=\"background-color:#c5dddc\">\n\t\t\t\t\t<h4 class=\"qode-info-card-title\" style=\"color:#000000\">\n\t\t\t\tROUTE INTERIOR DESIGN PALMA\t\t\t<\/h4>\n\t\t\t\t\t<\/div>\n\t\t\t<div class=\"qode-info-card-link-holder\">\n\t\t\t<a itemprop=\"url\" class=\"qode-qbutton-main-color qode-qbutton-full-width qode-qbutton-square\" href=\"https:\/\/buy.stripe.com\/7sIaFbcfeb5oaXe14b\" target=\"_self\" ><span>19 \u20ac - Buchen<\/span><\/a>\n\t\t<\/div>\n\t<\/div>[\/vc_column_inner][vc_column_inner width=&#8220;1\/3&#8243;][vc_empty_space css=&#8220;.vc_custom_1718907120288{margin-right: 50px !important;margin-left: 50px !important;border-radius: 20px !important;}&#8220;]<div class=\"qode-info-card\">\n\t\t\t<div class=\"qode-info-card-image\" style=\"background-color:#c5dddc\">\n\t\t\t<img decoding=\"async\" src=\"https:\/\/mallorcapura.es\/wp-content\/uploads\/2024\/06\/Captura-de-pantalla-2024-06-29-a-las-18.39.59.png\" alt=\"\" \/>\n\t\t<\/div>\n\t\t<div class=\"qode-info-card-text-holder\" style=\"background-color:#c5dddc\">\n\t\t\t\t\t<h4 class=\"qode-info-card-title\" style=\"color:#000000\">\n\t\t\t\tROUTE INTERIOR DESIGN PALMA KATHEDRALE\t\t\t<\/h4>\n\t\t\t\t\t<\/div>\n\t\t\t<div class=\"qode-info-card-link-holder\">\n\t\t\t<a itemprop=\"url\" class=\"qode-qbutton-main-color qode-qbutton-full-width qode-qbutton-square\" href=\"https:\/\/buy.stripe.com\/fZefZv0ww2ySfdu9AB\" target=\"_self\" ><span>19 \u20ac - Buchen<\/span><\/a>\n\t\t<\/div>\n\t<\/div>[\/vc_column_inner][vc_column_inner width=&#8220;1\/3&#8243;][vc_empty_space css=&#8220;.vc_custom_1718907120288{margin-right: 50px !important;margin-left: 50px !important;border-radius: 20px !important;}&#8220;]<div class=\"qode-info-card\">\n\t\t\t<div class=\"qode-info-card-image\" style=\"background-color:#c5dddc\">\n\t\t\t<img decoding=\"async\" src=\"https:\/\/mallorcapura.es\/wp-content\/uploads\/2024\/06\/Captura-de-pantalla-2024-06-29-a-las-20.25.38.png\" alt=\"\" \/>\n\t\t<\/div>\n\t\t<div class=\"qode-info-card-text-holder\" style=\"background-color:#c5dddc\">\n\t\t\t\t\t<h4 class=\"qode-info-card-title\" style=\"color:#000000\">\n\t\t\t\tROUTE INTERIOR DESIGN PALMA PREMIUM\t\t\t<\/h4>\n\t\t\t\t\t<\/div>\n\t\t\t<div class=\"qode-info-card-link-holder\">\n\t\t\t<a itemprop=\"url\" class=\"qode-qbutton-main-color qode-qbutton-full-width qode-qbutton-square\" href=\"https:\/\/buy.stripe.com\/8wMdRn5QQgpI5CU6ou\" target=\"_self\" ><span>19 \u20ac - Buchen<\/span><\/a>\n\t\t<\/div>\n\t<\/div>[\/vc_column_inner][\/vc_row_inner][vc_empty_space height=&#8220;64px&#8220;][vc_column_text css=&#8220;.vc_custom_1719475781624{padding-top: 10px !important;padding-bottom: 10px !important;padding-left: 30px !important;background-color: #f96424 !important;border-radius: 20px !important;}&#8220;]<\/p>\n<h3 style=\"text-align: left;\"><span style=\"color: #ffffff;\">Spanish<\/span><\/h3>\n<p>[\/vc_column_text][vc_row_inner row_type=&#8220;row&#8220; type=&#8220;full_width&#8220; text_align=&#8220;left&#8220; css_animation=&#8220;&#8220;][vc_column_inner width=&#8220;1\/3&#8243;][vc_empty_space]<div class=\"qode-info-card\">\n\t\t\t<div class=\"qode-info-card-image\" style=\"background-color:#c5dddc\">\n\t\t\t<img decoding=\"async\" src=\"https:\/\/mallorcapura.es\/wp-content\/uploads\/2024\/06\/Captura-de-pantalla-2024-06-29-a-las-20.02.30.png\" alt=\"\" \/>\n\t\t<\/div>\n\t\t<div class=\"qode-info-card-text-holder\" style=\"background-color:#c5dddc\">\n\t\t\t\t\t<h4 class=\"qode-info-card-title\" style=\"color:#000000\">\n\t\t\t\tRUTA POR PALMA Y ALREDEDORES\t\t\t<\/h4>\n\t\t\t\t\t<\/div>\n\t\t\t<div class=\"qode-info-card-link-holder\">\n\t\t\t<a itemprop=\"url\" class=\"qode-qbutton-main-color qode-qbutton-full-width qode-qbutton-square\" href=\"https:\/\/buy.stripe.com\/cN200x3IIa1kc1i8wz\" target=\"_self\" ><span>19 \u20ac - Buchen<\/span><\/a>\n\t\t<\/div>\n\t<\/div>[\/vc_column_inner][vc_column_inner width=&#8220;1\/3&#8243;][vc_empty_space]<div class=\"qode-info-card\">\n\t\t\t<div class=\"qode-info-card-image\" style=\"background-color:#c5dddc\">\n\t\t\t<img decoding=\"async\" src=\"https:\/\/mallorcapura.es\/wp-content\/uploads\/2024\/06\/Captura-de-pantalla-2024-06-29-a-las-18.33.49.png\" alt=\"\" \/>\n\t\t<\/div>\n\t\t<div class=\"qode-info-card-text-holder\" style=\"background-color:#c5dddc\">\n\t\t\t\t\t<h4 class=\"qode-info-card-title\" style=\"color:#000000\">\n\t\t\t\tRUTA INTERIOR DESIGN POR EL CENTRO DE PALMA Y LA CATEDRAL\t\t\t<\/h4>\n\t\t\t\t\t<\/div>\n\t\t\t<div class=\"qode-info-card-link-holder\">\n\t\t\t<a itemprop=\"url\" class=\"qode-qbutton-main-color qode-qbutton-full-width qode-qbutton-square\" href=\"https:\/\/buy.stripe.com\/eVa4gN5QQ4H04yQdQS\" target=\"_self\" ><span>19 \u20ac - Buchen<\/span><\/a>\n\t\t<\/div>\n\t<\/div>[\/vc_column_inner][vc_column_inner width=&#8220;1\/3&#8243;][vc_empty_space]<div class=\"qode-info-card\">\n\t\t\t<div class=\"qode-info-card-image\" style=\"background-color:#c5dddc\">\n\t\t\t<img decoding=\"async\" src=\"https:\/\/mallorcapura.es\/wp-content\/uploads\/2024\/06\/Captura-de-pantalla-2024-06-29-a-las-18.38.41.png\" alt=\"\" \/>\n\t\t<\/div>\n\t\t<div class=\"qode-info-card-text-holder\" style=\"background-color:#c5dddc\">\n\t\t\t\t\t<h4 class=\"qode-info-card-title\" style=\"color:#000000\">\n\t\t\t\tRUTA INTERIOR DESIGN POR LAS TIENDAS PREMIUM DE PALMA\t\t\t<\/h4>\n\t\t\t\t\t<\/div>\n\t\t\t<div class=\"qode-info-card-link-holder\">\n\t\t\t<a itemprop=\"url\" class=\"qode-qbutton-main-color qode-qbutton-full-width qode-qbutton-square\" href=\"https:\/\/buy.stripe.com\/3cs5kR5QQa1kc1i148\" target=\"_self\" ><span>19 \u20ac - Buchen<\/span><\/a>\n\t\t<\/div>\n\t<\/div>[\/vc_column_inner][\/vc_row_inner][\/vc_column][\/vc_row][vc_row css_animation=&#8220;&#8220; row_type=&#8220;row&#8220; use_row_as_full_screen_section=&#8220;no&#8220; type=&#8220;full_width&#8220; angled_section=&#8220;no&#8220; text_align=&#8220;left&#8220; background_image_as_pattern=&#8220;without_pattern&#8220;][vc_column offset=&#8220;vc_hidden-xs&#8220;][vc_empty_space height=&#8220;100px&#8220;][vc_column_text]<\/p>\n<h2 style=\"text-align: center;\">Gehen wir Schritt f\u00fcr Schritt vor<\/h2>\n<p>[\/vc_column_text][vc_empty_space height=&#8220;100px&#8220;]<div class=\"clearfix qode-item-showcase\"><div class=\"qode-item-image\" style=\"margin-top:px;\"><img decoding=\"async\" class=\"qode-lazy-image\" src=\"#\" alt=\"item showcase image\" data-image=\"https:\/\/mallorcapura.es\/wp-content\/uploads\/2020\/01\/solo-estrella-transparente-250x222.png\" data-lazy=\"true\" \/><\/div><div class=\"qode-item qode-item-left\">\n\t\t<div class=\"qode-item-content\">\n\t\t\t\t<div class=\"qode-showcase-title-holder\">\n\t\t\t\t\t\t\t<h4 class=\"qode-showcase-title\">EINS<\/h4>\n\t\t\t\t\t<\/div>\n\t\t\t\t<div class=\"qode-showcase-text-holder\">\n\t\t\t<p class=\"qode-showcase-text\">Klicke auf den blauen Button unter der Route, die du kaufen m\u00f6chtest und folge den Zahlungsanweisungen. \u00dcberpr\u00fcfe, ob alle Informationen korrekt sind.<\/p>\n\t\t<\/div>\n\t\t\t<\/div>\n\t\t\t<div class=\"qode-item-icon\">\n\t\t\t\t\t\t<i class=\"fa-buysellads fa\" style=\"color:#f96424; background-color:#ffffff;\"><\/i>\t\t\t\t\t<\/div>\n\t<\/div><div class=\"qode-item qode-item-left\">\n\t\t<div class=\"qode-item-content\">\n\t\t\t\t<div class=\"qode-showcase-title-holder\">\n\t\t\t\t\t\t\t<h4 class=\"qode-showcase-title\">ZWEI<\/h4>\n\t\t\t\t\t<\/div>\n\t\t\t\t<div class=\"qode-showcase-text-holder\">\n\t\t\t<p class=\"qode-showcase-text\">In wenigen Minuten erh\u00e4lst Du die Route zum Download per Mail. Falls du keine Mail erh\u00e4lst, pr\u00fcfe bitte deinen SPAM-Ordner.<\/p>\n\t\t<\/div>\n\t\t\t<\/div>\n\t\t\t<div class=\"qode-item-icon\">\n\t\t\t\t\t\t<i class=\"fa-arrow-circle-o-down fa\" style=\"color:#f96424; background-color:#ffffff;\"><\/i>\t\t\t\t\t<\/div>\n\t<\/div><div class=\"qode-item qode-item-right\">\n\t\t\t<div class=\"qode-item-icon\">\n\t\t\t\t\t\t<i class=\"fa-calendar-check-o fa\" style=\"color:#f96424; background-color:#ffffff;\"><\/i>\t\t\t\t\t<\/div>\n\t\t<div class=\"qode-item-content\">\n\t\t\t\t<div class=\"qode-showcase-title-holder\">\n\t\t\t\t\t\t\t<h4 class=\"qode-showcase-title\">DREI<\/h4>\n\t\t\t\t\t<\/div>\n\t\t\t\t<div class=\"qode-showcase-text-holder\">\n\t\t\t<p class=\"qode-showcase-text\">Klicke auf den Link in der E-Mail und lade die Route herunter. Nun kannst Du die Route mit allen Gesch\u00e4ften ansehen.<\/p>\n\t\t<\/div>\n\t\t\t<\/div>\n\t<\/div><div class=\"qode-item qode-item-right\">\n\t\t\t<div class=\"qode-item-icon\">\n\t\t\t\t\t\t<i class=\"fa-road fa\" style=\"color:#f96424; background-color:#ffffff;\"><\/i>\t\t\t\t\t<\/div>\n\t\t<div class=\"qode-item-content\">\n\t\t\t\t<div class=\"qode-showcase-title-holder\">\n\t\t\t\t\t\t\t<h4 class=\"qode-showcase-title\">VIER<\/h4>\n\t\t\t\t\t<\/div>\n\t\t\t\t<div class=\"qode-showcase-text-holder\">\n\t\t\t<p class=\"qode-showcase-text\">Entscheide an welchem Tag Du einkaufen gehen m\u00f6chtest. Genie\u00dfe die Route und vergiss nicht, die ``Mallorcapura-Route`` in den Gesch\u00e4ften vorzuzeigen, um den Rabatt zu erhalten.<\/p>\n\t\t<\/div>\n\t\t\t<\/div>\n\t<\/div><\/div>[vc_empty_space height=&#8220;100px&#8220;][\/vc_column][vc_column][vc_column_text css=&#8220;.vc_custom_1719595936696{margin-top: 20px !important;padding-top: 10px !important;padding-bottom: 10px !important;background-color: #f96424 !important;border-radius: 20px !important;}&#8220;]<\/p>\n<h2 style=\"text-align: center;\"><strong><span style=\"color: #ffffff;\">M\u00d6CHTEST DU EINEN PERS\u00d6NLICHEN SERVICE?\u00a0<\/span><\/strong><\/h2>\n<p>[\/vc_column_text][\/vc_column][\/vc_row][vc_row css_animation=&#8220;&#8220; row_type=&#8220;row&#8220; use_row_as_full_screen_section=&#8220;no&#8220; type=&#8220;full_width&#8220; angled_section=&#8220;no&#8220; text_align=&#8220;left&#8220; background_image_as_pattern=&#8220;without_pattern&#8220; z_index=&#8220;&#8220;][vc_column width=&#8220;2\/3&#8243;][vc_empty_space][vc_column_text css=&#8220;.vc_custom_1719596032205{margin-right: 40px !important;margin-bottom: 20px !important;margin-left: 40px !important;padding-right: 10px !important;padding-left: 10px !important;}&#8220;]<\/p>\n<h3 style=\"text-align: center;\"><strong><span style=\"color: #f96424;\">ZUSAMMEN EINKAUFENGEHEN!<\/span><\/strong><\/h3>\n<p>Gerne begleite ich Dich f\u00fcr einen halben Tag, ca. 4 Stunden, <strong>um die besten Einrichtungs-Gesch\u00e4fte auf Mallorca zu entdecken.<\/strong>[\/vc_column_text][vc_column_text css=&#8220;.vc_custom_1719596296670{margin-right: 40px !important;margin-bottom: 20px !important;margin-left: 40px !important;padding-right: 10px !important;padding-left: 10px !important;}&#8220;]Vorab sprechen wir \u00fcber deine Vorlieben, definieren den Stil und kl\u00e4ren andere Details.[\/vc_column_text][vc_column_text css=&#8220;.vc_custom_1719596396718{margin-right: 40px !important;margin-bottom: 20px !important;margin-left: 40px !important;padding-right: 10px !important;padding-left: 10px !important;}&#8220;]An dem vereinbarten Tag treffen wir uns und starten gemeinsam die individuelle<strong> Route mit Vor-Ort-Beratung.<\/strong>[\/vc_column_text][vc_column_text css=&#8220;.vc_custom_1719475498110{margin-right: 40px !important;margin-bottom: 20px !important;margin-left: 40px !important;padding-right: 10px !important;padding-left: 10px !important;}&#8220;]Wir k\u00f6nnen die Tour <strong>auf Deutsch und Spanisch<\/strong> durchf\u00fchren. Dieser Service ist personalisiert, daher sind die <strong>Pl\u00e4tze begrenzt<\/strong>.[\/vc_column_text][vc_column_text css=&#8220;.vc_custom_1719596409253{margin-right: 40px !important;margin-bottom: 20px !important;margin-left: 40px !important;padding-right: 10px !important;padding-left: 10px !important;}&#8220;]<\/p>\n<h4 style=\"text-align: center;\"><strong>Reserviere deinen Termin so bald wie m\u00f6glich!<\/strong><\/h4>\n<p>[\/vc_column_text][vc_empty_space][\/vc_column][vc_column width=&#8220;1\/3&#8243;][vc_empty_space height=&#8220;100px&#8220; css=&#8220;.vc_custom_1718967270632{margin-top: 0px !important;}&#8220;]<a  itemprop=\"url\" href=\"https:\/\/api.whatsapp.com\/send?phone=+34641230022&amp;text=Hallo%20Pura!%20Ich%20interessiere%20mich%20F%C3%BCr%20den%20%22Begleitservice%20f%C3%BCr%20Inneneinrichtungs%20Gesch%C3%A4fte%22,%20Kannst%20Du%20mir%20bitte%20mehr%20Infos%20geben?%20Danke\" target=\"_self\" data-hover-background-color=#fe7824 data-hover-color=#ffffff class=\"qbutton  medium center default  qode-button-shadow\" style=\"border-radius: 20px;-moz-border-radius: 20px;-webkit-border-radius: 20px; \">Infos und Buchen, hier klicken!<\/a>[vc_empty_space height=&#8220;100px&#8220; css=&#8220;.vc_custom_1718967270632{margin-top: 0px !important;}&#8220;][\/vc_column][\/vc_row]<\/p>\n","protected":false},"excerpt":{"rendered":"<p>[vc_row css_animation=&#8220;&#8220; row_type=&#8220;row&#8220; use_row_as_full_screen_section=&#8220;no&#8220; type=&#8220;full_width&#8220; angled_section=&#8220;no&#8220; text_align=&#8220;left&#8220; background_image_as_pattern=&#8220;without_pattern&#8220;][vc_column][vc_empty_space][vc_row_inner row_type=&#8220;row&#8220; type=&#8220;full_width&#8220; text_align=&#8220;left&#8220; css_animation=&#8220;&#8220;][vc_column_inner width=&#8220;1\/2&#8243;][vc_empty_space][vc_column_text css=&#8220;.vc_custom_1720091076613{margin-right: -20px !important;margin-bottom: 60px !important;border-right-width: -20px !important;}&#8220;] DIE PERFEKTE ROUTE F\u00dcR INNENEINRICHTUNGS-L\u00c4DEN AUF MALLORCA [\/vc_column_text][vc_column_text css=&#8220;.vc_custom_1720091083564{margin-top: 20px !important;margin-right: -20px !important;border-right-width: -20px !important;padding-right: -30px !important;padding-left: -30px !important;}&#8220;] Die Route\u00a0 ist ein sehr einfaches PDF Dokument mit den besten Inneneinrichtungs-Gesch\u00e4ften auf Mallorca, jeweils nach Gebiet. [\/vc_column_text][vc_column_text css=&#8220;.vc_custom_1720091166831{margin-top: 20px !important;margin-right: -20px !important;border-right-width: -20px !important;padding-right: -30px !important;padding-left: -30px !important;}&#8220;] Suche nicht mehr verzweifelt nach Inneneinrichtungs-Gesch\u00e4ften in Google! Einige existieren l\u00e4ngst nicht mehr, die Guten findet man nicht und wieder andere sind es \u00fcberhaupt nicht wert! &nbsp; Alle Routen sind wie ma\u00dfgeschneidert&#8230;<\/p>\n","protected":false},"author":1,"featured_media":0,"parent":0,"menu_order":0,"comment_status":"closed","ping_status":"closed","template":"","meta":{"_monsterinsights_skip_tracking":false,"_monsterinsights_sitenote_active":false,"_monsterinsights_sitenote_note":"","_monsterinsights_sitenote_category":0,"footnotes":""},"_links":{"self":[{"href":"https:\/\/mallorcapura.es\/de\/wp-json\/wp\/v2\/pages\/7538"}],"collection":[{"href":"https:\/\/mallorcapura.es\/de\/wp-json\/wp\/v2\/pages"}],"about":[{"href":"https:\/\/mallorcapura.es\/de\/wp-json\/wp\/v2\/types\/page"}],"author":[{"embeddable":true,"href":"https:\/\/mallorcapura.es\/de\/wp-json\/wp\/v2\/users\/1"}],"replies":[{"embeddable":true,"href":"https:\/\/mallorcapura.es\/de\/wp-json\/wp\/v2\/comments?post=7538"}],"version-history":[{"count":21,"href":"https:\/\/mallorcapura.es\/de\/wp-json\/wp\/v2\/pages\/7538\/revisions"}],"predecessor-version":[{"id":7701,"href":"https:\/\/mallorcapura.es\/de\/wp-json\/wp\/v2\/pages\/7538\/revisions\/7701"}],"wp:attachment":[{"href":"https:\/\/mallorcapura.es\/de\/wp-json\/wp\/v2\/media?parent=7538"}],"curies":[{"name":"wp","href":"https:\/\/api.w.org\/{rel}","templated":true}]}}