{"id":5657,"date":"2020-05-03T16:15:23","date_gmt":"2020-05-03T14:15:23","guid":{"rendered":"https:\/\/mallorcapura.es\/?page_id=5657"},"modified":"2024-06-19T14:05:51","modified_gmt":"2024-06-19T12:05:51","slug":"rechner-personal-shopper","status":"publish","type":"page","link":"https:\/\/mallorcapura.es\/de\/umbau-einrichtung-mallorca\/rechner-personal-shopper\/","title":{"rendered":"Rechner Personal Shopper"},"content":{"rendered":"<p>[vc_row css_animation=&#8220;&#8220; row_type=&#8220;row&#8220; use_row_as_full_screen_section=&#8220;no&#8220; type=&#8220;full_width&#8220; angled_section=&#8220;no&#8220; text_align=&#8220;left&#8220; background_image_as_pattern=&#8220;without_pattern&#8220;][vc_column][vc_column_text]<\/p>\n<h2 style=\"text-align: center;\"><span style=\"color: #00ccff;\">\u00a1ZUSAMMEN EINKAUFEN GEHEN!<\/span><\/h2>\n<h2 style=\"text-align: center;\"><span style=\"color: #00ccff;\"><span style=\"color: #ff6600;\">DEKO PERSONAL SHOPPER\u00a0<\/span><\/span><\/h2>\n<p>[\/vc_column_text][vc_empty_space][\/vc_column][\/vc_row][vc_row css_animation=&#8220;&#8220; row_type=&#8220;row&#8220; use_row_as_full_screen_section=&#8220;no&#8220; type=&#8220;full_width&#8220; angled_section=&#8220;no&#8220; text_align=&#8220;left&#8220; background_image_as_pattern=&#8220;without_pattern&#8220; css=&#8220;.vc_custom_1549970372082{padding-right: 40px !important;padding-left: 40px !important;background-color: rgba(42,187,249,0.21) !important;*background-color: rgb(42,187,249) !important;}&#8220; z_index=&#8220;&#8220;][vc_column][vc_empty_space][vc_column_text]<\/p>\n<h3 style=\"text-align: center;\">DIE PREISE BEINHALTEN EINEN KOSTENLOSEN BESUCH VOR DEM EINKAUF<\/h3>\n<p>1. Wir besichtigen deine Wohnung\/ dein Haus<\/p>\n<p>2. Wir analysieren deine Vorlieben und Gewohnheiten.<\/p>\n<p>3. Wir definieren den Einrichtungsstil den Du deinem Haus geben m\u00f6chtest (umfasst M\u00f6bel, Accessoires, Lampen, Vorh\u00e4nge\/Schirme). Komplettes Beleuchtungsprojekt wird separat geplant und berechnet.<\/p>\n<p>4. Wir erarbeiten ein\u00a0\u201eMoodboard\u201c, auf dem wir einfangen, wie Du dir das Haus deiner Tr\u00e4ume vorstellst. Durch das\u00a0\u201eMoodboard\u201c bekommst Du eine klare Vorstellung was Du bei Deinem Einkauf suchst.<\/p>\n<p>Das\u00a0\u201eMoodboard\u201c dient als Grundlage f\u00fcr den Einkauf, nat\u00fcrlich angepasst an dein Budget. Als professionelle Einrichterin erhalte ich Rabatte die ich nat\u00fcrlich an dich weitergeben kann!<\/p>\n<p>&nbsp;<\/p>\n<p><strong>Du sparst zwischen 5% und 20% im Vergleich zum normalen Verkaufspreis! Dadurch wird meine professionelle Beratung praktisch kostenlos!<\/strong><\/p>\n<p>In Folge einige Beispiele zur weiteren Erkl\u00e4rung:<\/p>\n<p>&nbsp;<\/p>\n<p>&nbsp;<\/p>\n<p style=\"text-align: right;\">*Ein Beratungsgespr\u00e4ch vor dem eigentlichen Einkauf dauert max. 2 Std.<\/p>\n<p style=\"text-align: right;\">*Einige Artikel in einigen Gesch\u00e4ften sind eventuell nicht rabattf\u00e4hig.<\/p>\n<p>[\/vc_column_text][vc_empty_space][\/vc_column][\/vc_row][vc_row css_animation=&#8220;&#8220; row_type=&#8220;row&#8220; use_row_as_full_screen_section=&#8220;no&#8220; type=&#8220;full_width&#8220; angled_section=&#8220;no&#8220; text_align=&#8220;left&#8220; background_image_as_pattern=&#8220;without_pattern&#8220;][vc_column][vc_row_inner row_type=&#8220;row&#8220; type=&#8220;full_width&#8220; text_align=&#8220;left&#8220; css_animation=&#8220;&#8220;][vc_column_inner]<blockquote class=' with_quote_icon' style=''><i class='fa fa-quote-right' style=''><\/i><h5 class='blockquote-text' style=''>Beispiel 1: Wenn dein Budget f\u00fcr M\u00f6bel und Accessoires z.b. 3.600,-\u20ac ist und ich f\u00fcr 2 Tage beauftragt werde, dann ist es wahrscheinlich dass mein Honorar durch die Nachl\u00e4sse f\u00fcr die M\u00f6bel kompensiert wird.(540,-\u20ac Honorar f\u00fcr 2 Tage). Ausserdem bekommt ihr noch zus\u00e4tzlich unentgeltlich die Erstberatung von 2 Std.!\u201c<\/h5><\/blockquote><blockquote class=' with_quote_icon' style=''><i class='fa fa-quote-right' style=''><\/i><h5 class='blockquote-text' style=''>Biespiel 2: Wenn dein Budget ca. 7500 \u20ac an M\u00f6beln und Accessoires ist und du mich f\u00fcr 1 woche beauftragst, ist es wahrscheinlich, ist es wahrscheinlich dass mein Honorar f\u00fcr Dich kostenlos wird. Dieselben Eink\u00e4ufe h\u00e4tten dich 8.625,-\u20ac gekostet. Da mein Wochenhonorar 1.125,-\u20ac betr\u00e4gt, erh\u00e4ltst Du den Personal Shopper (die ganze Woche \u00fcber), meine Beratung und Begleitung, sowie die zwei Stunden Erstberatung, kostenlos.<\/h5><\/blockquote>[\/vc_column_inner][\/vc_row_inner][vc_empty_space][\/vc_column][\/vc_row][vc_row css_animation=&#8220;&#8220; row_type=&#8220;row&#8220; use_row_as_full_screen_section=&#8220;no&#8220; type=&#8220;full_width&#8220; angled_section=&#8220;no&#8220; text_align=&#8220;left&#8220; background_image_as_pattern=&#8220;without_pattern&#8220; z_index=&#8220;&#8220;][vc_column][vc_column_text css=&#8220;.vc_custom_1588517448187{background-color: rgba(42,187,249,0.21) !important;*background-color: rgb(42,187,249) !important;}&#8220;]<\/p>\n<h3 style=\"text-align: center;\"><strong>BITTE HIER W\u00c4HLEN, WIE LANGE DU DEINEN PERSONAL SHOPPER BEN\u00d6TIGST<\/strong><\/h3>\n<p>[\/vc_column_text][vc_empty_space]<div class=\"qode-pricing-calculator\" style=\"border-color:#d0f2f4\">\n\t<div class=\"qode-pricing-calculator-items\" style=\"background-color:#ffffff\">\n\t\t\t\t\t<div class=\"qode-pricing-calculator-item\" data-price=\"197\">\n\t\t\t\t<div class=\"qode-pricing-calculator-switcher-holder\">\n\t\t\t\t\t<label class=\"qode-pricing-calculator-switch\">\n\t\t\t\t\t\t<input type=\"checkbox\" >\n\t\t\t\t\t\t<span class=\"qode-pricing-calculator-slider\"><\/span>\n\t\t\t\t\t<\/label>\n\t\t\t\t<\/div>\n\t\t\t\t<div class=\"qode-pricing-calculator-title-holder\">\n\t\t\t\t\t<h3>\n\t\t\t\t\t\tPersonal Shopper von 10.00 Uhr bis 14.00 Uhr + Route zu Fuss 1 Tag\t\t\t\t\t<\/h3>\n\t\t\t\t<\/div>\n\t\t\t<\/div>\n\t\t\t\t\t<div class=\"qode-pricing-calculator-item\" data-price=\"300\">\n\t\t\t\t<div class=\"qode-pricing-calculator-switcher-holder\">\n\t\t\t\t\t<label class=\"qode-pricing-calculator-switch\">\n\t\t\t\t\t\t<input type=\"checkbox\" >\n\t\t\t\t\t\t<span class=\"qode-pricing-calculator-slider\"><\/span>\n\t\t\t\t\t<\/label>\n\t\t\t\t<\/div>\n\t\t\t\t<div class=\"qode-pricing-calculator-title-holder\">\n\t\t\t\t\t<h3>\n\t\t\t\t\t\tPersonal Shopper Kompletter Tag\t\t\t\t\t<\/h3>\n\t\t\t\t<\/div>\n\t\t\t<\/div>\n\t\t\t\t\t<div class=\"qode-pricing-calculator-item\" data-price=\"540\">\n\t\t\t\t<div class=\"qode-pricing-calculator-switcher-holder\">\n\t\t\t\t\t<label class=\"qode-pricing-calculator-switch\">\n\t\t\t\t\t\t<input type=\"checkbox\" >\n\t\t\t\t\t\t<span class=\"qode-pricing-calculator-slider\"><\/span>\n\t\t\t\t\t<\/label>\n\t\t\t\t<\/div>\n\t\t\t\t<div class=\"qode-pricing-calculator-title-holder\">\n\t\t\t\t\t<h3>\n\t\t\t\t\t\tPersonal Shopper 2 Tage\t\t\t\t\t<\/h3>\n\t\t\t\t<\/div>\n\t\t\t<\/div>\n\t\t\t\t\t<div class=\"qode-pricing-calculator-item\" data-price=\"765\">\n\t\t\t\t<div class=\"qode-pricing-calculator-switcher-holder\">\n\t\t\t\t\t<label class=\"qode-pricing-calculator-switch\">\n\t\t\t\t\t\t<input type=\"checkbox\" >\n\t\t\t\t\t\t<span class=\"qode-pricing-calculator-slider\"><\/span>\n\t\t\t\t\t<\/label>\n\t\t\t\t<\/div>\n\t\t\t\t<div class=\"qode-pricing-calculator-title-holder\">\n\t\t\t\t\t<h3>\n\t\t\t\t\t\tPreis f\u00fcr 3 Tage\t\t\t\t\t<\/h3>\n\t\t\t\t<\/div>\n\t\t\t<\/div>\n\t\t\t\t\t<div class=\"qode-pricing-calculator-item\" data-price=\"960\">\n\t\t\t\t<div class=\"qode-pricing-calculator-switcher-holder\">\n\t\t\t\t\t<label class=\"qode-pricing-calculator-switch\">\n\t\t\t\t\t\t<input type=\"checkbox\" >\n\t\t\t\t\t\t<span class=\"qode-pricing-calculator-slider\"><\/span>\n\t\t\t\t\t<\/label>\n\t\t\t\t<\/div>\n\t\t\t\t<div class=\"qode-pricing-calculator-title-holder\">\n\t\t\t\t\t<h3>\n\t\t\t\t\t\tPreis f\u00fcr 4 Tage\t\t\t\t\t<\/h3>\n\t\t\t\t<\/div>\n\t\t\t<\/div>\n\t\t\t\t\t<div class=\"qode-pricing-calculator-item\" data-price=\"1125\">\n\t\t\t\t<div class=\"qode-pricing-calculator-switcher-holder\">\n\t\t\t\t\t<label class=\"qode-pricing-calculator-switch\">\n\t\t\t\t\t\t<input type=\"checkbox\" >\n\t\t\t\t\t\t<span class=\"qode-pricing-calculator-slider\"><\/span>\n\t\t\t\t\t<\/label>\n\t\t\t\t<\/div>\n\t\t\t\t<div class=\"qode-pricing-calculator-title-holder\">\n\t\t\t\t\t<h3>\n\t\t\t\t\t\tPreis 5 Tage\t\t\t\t\t<\/h3>\n\t\t\t\t<\/div>\n\t\t\t<\/div>\n\t\t\t\t\t<div class=\"qode-pricing-calculator-item\" data-price=\"500\">\n\t\t\t\t<div class=\"qode-pricing-calculator-switcher-holder\">\n\t\t\t\t\t<label class=\"qode-pricing-calculator-switch\">\n\t\t\t\t\t\t<input type=\"checkbox\" >\n\t\t\t\t\t\t<span class=\"qode-pricing-calculator-slider\"><\/span>\n\t\t\t\t\t<\/label>\n\t\t\t\t<\/div>\n\t\t\t\t<div class=\"qode-pricing-calculator-title-holder\">\n\t\t\t\t\t<h3>\n\t\t\t\t\t\tGrundriss mit Masstab. \u00a1Optional! f\u00fcr Wohnungen zwischen 50 m2 y 70 m2\t\t\t\t\t<\/h3>\n\t\t\t\t<\/div>\n\t\t\t<\/div>\n\t\t\t\t\t<div class=\"qode-pricing-calculator-item\" data-price=\"700\">\n\t\t\t\t<div class=\"qode-pricing-calculator-switcher-holder\">\n\t\t\t\t\t<label class=\"qode-pricing-calculator-switch\">\n\t\t\t\t\t\t<input type=\"checkbox\" >\n\t\t\t\t\t\t<span class=\"qode-pricing-calculator-slider\"><\/span>\n\t\t\t\t\t<\/label>\n\t\t\t\t<\/div>\n\t\t\t\t<div class=\"qode-pricing-calculator-title-holder\">\n\t\t\t\t\t<h3>\n\t\t\t\t\t\tGrundriss mit Masstab. \u00a1Optional! f\u00fcr Wohnungen zwischen 70 m2 y 100 m2\t\t\t\t\t<\/h3>\n\t\t\t\t<\/div>\n\t\t\t<\/div>\n\t\t\t\t\t<div class=\"qode-pricing-calculator-item\" data-price=\"1100\">\n\t\t\t\t<div class=\"qode-pricing-calculator-switcher-holder\">\n\t\t\t\t\t<label class=\"qode-pricing-calculator-switch\">\n\t\t\t\t\t\t<input type=\"checkbox\" >\n\t\t\t\t\t\t<span class=\"qode-pricing-calculator-slider\"><\/span>\n\t\t\t\t\t<\/label>\n\t\t\t\t<\/div>\n\t\t\t\t<div class=\"qode-pricing-calculator-title-holder\">\n\t\t\t\t\t<h3>\n\t\t\t\t\t\tGrundriss mit Masstab. \u00a1Optional! f\u00fcr Wohnungen zwischen 100 m2 y 150 m2\t\t\t\t\t<\/h3>\n\t\t\t\t<\/div>\n\t\t\t<\/div>\n\t\t\t\t\t<div class=\"qode-pricing-calculator-item\" data-price=\"1500\">\n\t\t\t\t<div class=\"qode-pricing-calculator-switcher-holder\">\n\t\t\t\t\t<label class=\"qode-pricing-calculator-switch\">\n\t\t\t\t\t\t<input type=\"checkbox\" >\n\t\t\t\t\t\t<span class=\"qode-pricing-calculator-slider\"><\/span>\n\t\t\t\t\t<\/label>\n\t\t\t\t<\/div>\n\t\t\t\t<div class=\"qode-pricing-calculator-title-holder\">\n\t\t\t\t\t<h3>\n\t\t\t\t\t\tGrundriss mit Masstab. \u00a1Optional! f\u00fcr Wohnungen und Hauses von 150 m2 bis 180 m2\t\t\t\t\t<\/h3>\n\t\t\t\t<\/div>\n\t\t\t<\/div>\n\t\t\t<\/div>\n\t<div class=\"qode-pricing-calculator-text-holder\" style=\"background-color:#ffffff\">\n\t\t<span class=\"qode-pricing-calculator-total-price-holder\">\n\t\t\t<span class=\"qode-pricing-calculator-total-price-currency\">\u20ac<\/span><!-- This comments is to remove empty space between elements\n\t\t\t--><span class=\"qode-pricing-calculator-total-price\">0<\/span>\n\t\t<\/span>\n\t\t\t\t\t<h4 class=\"qode-pricing-calculator-subtitle\">\n\t\t\t\tPREIS ABH\u00c4NGIG VON DER ZEIT DES PERSONAL SHOPPERS\t\t\t<\/h4>\n\t\t\t\t\t\t\t<\/div>\n<\/div>[vc_empty_space][\/vc_column][\/vc_row][vc_row css_animation=&#8220;&#8220; row_type=&#8220;row&#8220; use_row_as_full_screen_section=&#8220;no&#8220; type=&#8220;full_width&#8220; angled_section=&#8220;no&#8220; text_align=&#8220;left&#8220; background_image_as_pattern=&#8220;without_pattern&#8220; z_index=&#8220;&#8220;][vc_column]<div class='q_message ' style='background-color: #efa986;border-style:solid;border-color: #23e0da;'><div class='q_message_inner'><a href='#' class='close'><i class='fa fa-times' style=''><\/i><\/a><div class='message_text_holder'><div class='message_text'><div class='message_text_inner'>DU HASST ES EINKAUFEN GEHEN ZU M\u00dcSSEN! UND AUF MALLORCA M\u00d6CHTE MAN EINFACH NUR GENIE\u00dfEN. ICH VERSTEHE DAS VOLLKOMMEN!:<\/p>\n<p>&nbsp;<\/p>\n<p>F\u00dcR DICH IST DIESE OPTION PERFEKT:<strong>\u00a0 <span style=\"color: #000000;\">\u00a0<span style=\"color: #ffffff;\">SCHL\u00dcSSELFERTIGES DECORATIONSPROJEKT<\/span><\/span><\/strong>. (Enth\u00e4lt eine vorherige Beratung von <u>ca.<\/u> 3 Stunden &#8211; die Beratung kann auch \u00fcber SKYPE erfolgen!).<\/p>\n<p>Frag uns nach einem Angebot! \u00a0Der Preis h\u00e4ngt von der Gr\u00f6sse\/ Fl\u00e4che ab (Kosten\/ m2). Falls es keine Pl\u00e4ne gibt, ist es f\u00fcr diesen Fall ist es in jedem Fall notwendig \u00fcber ein Aufmass, einen Grundriss zu erstellen.<\/div><\/div><\/div><\/div><\/div>[vc_empty_space][vc_empty_space][\/vc_column][\/vc_row][vc_row css_animation=&#8220;&#8220; row_type=&#8220;row&#8220; use_row_as_full_screen_section=&#8220;no&#8220; type=&#8220;full_width&#8220; angled_section=&#8220;no&#8220; text_align=&#8220;left&#8220; background_image_as_pattern=&#8220;without_pattern&#8220;][vc_column width=&#8220;2\/3&#8243;][vc_empty_space][qode_in_device_slider device=&#8220;desktop&#8220; titles_on_hover=&#8220;yes&#8220; navigation=&#8220;no&#8220; auto_start=&#8220;yes&#8220;][qode_in_device_slider_item target=&#8220;_self&#8220; image=&#8220;3600&#8243;][qode_in_device_slider_item target=&#8220;_self&#8220; image=&#8220;3619&#8243;][qode_in_device_slider_item target=&#8220;_self&#8220; image=&#8220;3606&#8243;][qode_in_device_slider_item target=&#8220;_self&#8220; image=&#8220;3627&#8243;][qode_in_device_slider_item target=&#8220;_self&#8220; image=&#8220;4854&#8243;][\/qode_in_device_slider][\/vc_column][vc_column width=&#8220;1\/3&#8243;][vc_column_text]<\/p>\n<h3 style=\"text-align: center;\">KONTAKTIERE MICH<\/h3>\n<p>[\/vc_column_text]\n<div class=\"wpcf7 no-js\" id=\"wpcf7-f3777-o1\" lang=\"es-ES\" dir=\"ltr\">\n<div class=\"screen-reader-response\"><p role=\"status\" aria-live=\"polite\" aria-atomic=\"true\"><\/p> <ul><\/ul><\/div>\n<form action=\"\/de\/wp-json\/wp\/v2\/pages\/5657#wpcf7-f3777-o1\" method=\"post\" class=\"wpcf7-form init default\" aria-label=\"Formulario de contacto\" novalidate=\"novalidate\" data-status=\"init\">\n<div style=\"display: none;\">\n<input type=\"hidden\" name=\"_wpcf7\" value=\"3777\" \/>\n<input type=\"hidden\" name=\"_wpcf7_version\" value=\"5.9.8\" \/>\n<input type=\"hidden\" name=\"_wpcf7_locale\" value=\"es_ES\" \/>\n<input type=\"hidden\" name=\"_wpcf7_unit_tag\" value=\"wpcf7-f3777-o1\" \/>\n<input type=\"hidden\" name=\"_wpcf7_container_post\" value=\"0\" \/>\n<input type=\"hidden\" name=\"_wpcf7_posted_data_hash\" value=\"\" \/>\n<\/div>\n<p><label> Name (erforderlich)<br \/>\n<span class=\"wpcf7-form-control-wrap\" data-name=\"your-name\"><input size=\"40\" maxlength=\"400\" class=\"wpcf7-form-control wpcf7-text wpcf7-validates-as-required\" aria-required=\"true\" aria-invalid=\"false\" value=\"\" type=\"text\" name=\"your-name\" \/><\/span> <\/label>\n<\/p>\n<p><label> E-mail (erforderlich)<br \/>\n<span class=\"wpcf7-form-control-wrap\" data-name=\"your-email\"><input size=\"40\" maxlength=\"400\" class=\"wpcf7-form-control wpcf7-email wpcf7-validates-as-required wpcf7-text wpcf7-validates-as-email\" aria-required=\"true\" aria-invalid=\"false\" value=\"\" type=\"email\" name=\"your-email\" \/><\/span> <\/label>\n<\/p>\n<p><label><span class=\"wpcf7-form-control-wrap\" data-name=\"menu-951\"><select class=\"wpcf7-form-control wpcf7-select wpcf7-validates-as-required\" aria-required=\"true\" aria-invalid=\"false\" name=\"menu-951\"><option value=\"Personal Shopper 1\/2 Tag\">Personal Shopper 1\/2 Tag<\/option><option value=\"Personal Shopper 1 Tag\">Personal Shopper 1 Tag<\/option><option value=\"Personal Shopper 2 Tage\">Personal Shopper 2 Tage<\/option><option value=\"Personal Shopper 3 Tage\">Personal Shopper 3 Tage<\/option><option value=\"Personal Shopper 4 Tage\">Personal Shopper 4 Tage<\/option><option value=\"Personal Shopper 5 Tage\">Personal Shopper 5 Tage<\/option><option value=\"Wohnungmessung Service\">Wohnungmessung Service<\/option><\/select><\/span><\/label>\n<\/p>\n<p><label> Deine Nachricht<br \/>\n<span class=\"wpcf7-form-control-wrap\" data-name=\"your-message\"><textarea cols=\"40\" rows=\"10\" maxlength=\"2000\" class=\"wpcf7-form-control wpcf7-textarea\" aria-invalid=\"false\" name=\"your-message\"><\/textarea><\/span> <\/label>\n<\/p>\n<p><input class=\"wpcf7-form-control wpcf7-submit has-spinner\" type=\"submit\" value=\"Senden\" \/>\n<\/p><div class=\"wpcf7-response-output\" aria-hidden=\"true\"><\/div>\n<\/form>\n<\/div>\n[\/vc_column][\/vc_row][vc_row css_animation=&#8220;&#8220; row_type=&#8220;row&#8220; use_row_as_full_screen_section=&#8220;no&#8220; type=&#8220;full_width&#8220; angled_section=&#8220;no&#8220; text_align=&#8220;left&#8220; background_image_as_pattern=&#8220;without_pattern&#8220;][vc_column][vc_empty_space][vc_empty_space][vc_column_text css=&#8220;.vc_custom_1588672393838{background-color: #d0f2f4 !important;}&#8220;]<\/p>\n<h4 style=\"text-align: center;\">* 50% Anzahlung bei Beauftragung. Alle Kosten ohne Mwst.<\/h4>\n<p>[\/vc_column_text][vc_empty_space][vc_empty_space][\/vc_column][\/vc_row][vc_row css_animation=&#8220;&#8220; row_type=&#8220;row&#8220; use_row_as_full_screen_section=&#8220;no&#8220; type=&#8220;normal&#8220; angled_section=&#8220;no&#8220; text_align=&#8220;left&#8220; background_image_as_pattern=&#8220;without_pattern&#8220; background_color=&#8220;#f7916c&#8220; full_width=&#8220;yes&#8220; content_in_grid=&#8220;yes&#8220; icon=&#8220;&#8220; icon_size=&#8220;&#8220; use_background_as_pattern=&#8220;&#8220; text_font_weight=&#8220;&#8220; show_button=&#8220;no&#8220; button_size=&#8220;&#8220; button_target=&#8220;&#8220; icon_color=&#8220;&#8220; custom_icon=&#8220;&#8220; text_size=&#8220;&#8220; text_letter_spacing=&#8220;&#8220; button_text=&#8220;&#8220; button_link=&#8220;&#8220; button_text_color=&#8220;&#8220; button_hover_text_color=&#8220;&#8220; button_background_color=&#8220;&#8220; button_hover_background_color=&#8220;&#8220; button_border_color=&#8220;&#8220; button_hover_border_color=&#8220;&#8220;][vc_column]<div class=\"call_to_action normal\" style=\"background-color: #f7916c;\"><div class=\"container_inner\"><div class=\"text_wrapper \"><div class=\"call_to_action_text \" style=\"\">\n<h2 style=\"text-align: center;\"><a href=\"https:\/\/mallorcapura.es\/de\/kontakt\/\"><strong><span style=\"color: #00ffff;\">KOSTENLOSE ERSTE BERATUNG<\/span><\/strong><\/a><\/h2>\n<\/div><\/div><\/div><\/div>[vc_empty_space][\/vc_column][\/vc_row]<\/p>\n","protected":false},"excerpt":{"rendered":"<p>[vc_row css_animation=&#8220;&#8220; row_type=&#8220;row&#8220; use_row_as_full_screen_section=&#8220;no&#8220; type=&#8220;full_width&#8220; angled_section=&#8220;no&#8220; text_align=&#8220;left&#8220; background_image_as_pattern=&#8220;without_pattern&#8220;][vc_column][vc_column_text] \u00a1ZUSAMMEN EINKAUFEN GEHEN! DEKO PERSONAL SHOPPER\u00a0 [\/vc_column_text][vc_empty_space][\/vc_column][\/vc_row][vc_row css_animation=&#8220;&#8220; row_type=&#8220;row&#8220; use_row_as_full_screen_section=&#8220;no&#8220; type=&#8220;full_width&#8220; angled_section=&#8220;no&#8220; text_align=&#8220;left&#8220; background_image_as_pattern=&#8220;without_pattern&#8220; css=&#8220;.vc_custom_1549970372082{padding-right: 40px !important;padding-left: 40px !important;background-color: rgba(42,187,249,0.21) !important;*background-color: rgb(42,187,249) !important;}&#8220; z_index=&#8220;&#8220;][vc_column][vc_empty_space][vc_column_text] DIE PREISE BEINHALTEN EINEN KOSTENLOSEN BESUCH VOR DEM EINKAUF 1. Wir besichtigen deine Wohnung\/ dein Haus 2. Wir analysieren deine Vorlieben und Gewohnheiten. 3. Wir definieren den Einrichtungsstil den Du deinem Haus geben m\u00f6chtest (umfasst M\u00f6bel, Accessoires, Lampen, Vorh\u00e4nge\/Schirme). Komplettes Beleuchtungsprojekt wird separat geplant und berechnet. 4. Wir erarbeiten ein\u00a0\u201eMoodboard\u201c, auf dem wir einfangen, wie Du dir das Haus deiner Tr\u00e4ume vorstellst. Durch das\u00a0\u201eMoodboard\u201c bekommst Du eine klare&#8230;<\/p>\n","protected":false},"author":1,"featured_media":0,"parent":2787,"menu_order":0,"comment_status":"closed","ping_status":"closed","template":"","meta":{"_monsterinsights_skip_tracking":false,"_monsterinsights_sitenote_active":false,"_monsterinsights_sitenote_note":"","_monsterinsights_sitenote_category":0,"footnotes":""},"_links":{"self":[{"href":"https:\/\/mallorcapura.es\/de\/wp-json\/wp\/v2\/pages\/5657"}],"collection":[{"href":"https:\/\/mallorcapura.es\/de\/wp-json\/wp\/v2\/pages"}],"about":[{"href":"https:\/\/mallorcapura.es\/de\/wp-json\/wp\/v2\/types\/page"}],"author":[{"embeddable":true,"href":"https:\/\/mallorcapura.es\/de\/wp-json\/wp\/v2\/users\/1"}],"replies":[{"embeddable":true,"href":"https:\/\/mallorcapura.es\/de\/wp-json\/wp\/v2\/comments?post=5657"}],"version-history":[{"count":2,"href":"https:\/\/mallorcapura.es\/de\/wp-json\/wp\/v2\/pages\/5657\/revisions"}],"predecessor-version":[{"id":7472,"href":"https:\/\/mallorcapura.es\/de\/wp-json\/wp\/v2\/pages\/5657\/revisions\/7472"}],"up":[{"embeddable":true,"href":"https:\/\/mallorcapura.es\/de\/wp-json\/wp\/v2\/pages\/2787"}],"wp:attachment":[{"href":"https:\/\/mallorcapura.es\/de\/wp-json\/wp\/v2\/media?parent=5657"}],"curies":[{"name":"wp","href":"https:\/\/api.w.org\/{rel}","templated":true}]}}