{"id":2787,"date":"2018-12-10T14:20:41","date_gmt":"2018-12-10T13:20:41","guid":{"rendered":"http:\/\/mallorcapura.es\/?page_id=2787"},"modified":"2022-10-09T18:11:55","modified_gmt":"2022-10-09T16:11:55","slug":"umbau-einrichtung-mallorca","status":"publish","type":"page","link":"https:\/\/mallorcapura.es\/de\/umbau-einrichtung-mallorca\/","title":{"rendered":"UMBAU"},"content":{"rendered":"<p>[vc_row css_animation=&#8220;&#8220; row_type=&#8220;row&#8220; use_row_as_full_screen_section=&#8220;no&#8220; type=&#8220;full_width&#8220; angled_section=&#8220;no&#8220; text_align=&#8220;left&#8220; background_image_as_pattern=&#8220;without_pattern&#8220;][vc_column][vc_empty_space][vc_column_text]<\/p>\n<h2 style=\"text-align: center;\">RENOVIERE DEINE WOHNUNG AUF MALLORCA<\/h2>\n<p>[\/vc_column_text][vc_column_text]<\/p>\n<h1 style=\"text-align: center;\"><span style=\"color: #fafafa;\">UMBAU &amp; INNEN-EINRICHTUNG<\/span><\/h1>\n<p>[\/vc_column_text][vc_separator type=&#8220;transparent&#8220;][vc_empty_space][vc_row_inner row_type=&#8220;row&#8220; type=&#8220;full_width&#8220; text_align=&#8220;left&#8220; background_color=&#8220;#afe3f9&#8243; css_animation=&#8220;&#8220;][vc_column_inner width=&#8220;1\/4&#8243;][\/vc_column_inner][vc_column_inner width=&#8220;1\/2&#8243;]<div class=\"call_to_action normal\" style=\"background-color: #f7916c;\"><div class=\"container_inner\"><div class=\"text_wrapper \"><div class=\"call_to_action_text \" style=\"\">\n<h3 style=\"text-align: center;\"><span style=\"color: #00ffff;\"><strong>ERSTE BERATUNG KOSTENLOS<\/strong><\/span><\/h3>\n<\/div><\/div><\/div><\/div>[\/vc_column_inner][vc_column_inner width=&#8220;1\/4&#8243;][\/vc_column_inner][\/vc_row_inner][vc_empty_space][vc_column_text]<\/p>\n<p>Der<strong> Traum von der eigenen Wohnung auf Mallorca<\/strong> die man genau nach den pers\u00f6nlichen W\u00fcnschen und Vorstellungen gestalten kann wird manchmal schnell zum Alptraum wenn man nicht von richtigen Fachleuten beraten wird. Dabei m\u00fcssen Experten nicht zwangsl\u00e4ufig teuer sein. Bei Mallorcapura passen wir unsere Kosten an Eure Priorit\u00e4ten an. Auch wenn Ihr nur einen Teil der Planungsleistung bei unser beauftragt, so gibt es Euch doch die Garantie, da\u00df das Projekt in die richtige Bahn gelenkt wird. Wir verf\u00fcgen \u00fcber<strong> 20-j\u00e4hrige Erfahrung in Aus- und Umbau von Wohn- und Gewerbeimmobilien<\/strong>.<\/p>\n<p>&nbsp;<\/p>\n<h2 style=\"text-align: center;\">Typische Fehler<\/h2>\n<p>&nbsp;<\/p>\n<p>Viele Umbauten enden <strong>zu sp\u00e4t, zu teuer und in schlechter Qualit\u00e4t<\/strong>. Daher f\u00fcrchten sich nicht wenige vor dem n\u00e4chsten Bauprojekt&#8230;.<br \/>\nDie Ursachen sind vielf\u00e4ltig: Planungs- und Ausf\u00fchrungsfehler, mangelnde Kosten- und Terminkontrolle, etc. Fehler die bei professioneller Beratung h\u00e4tten vermieden werden k\u00f6nnen.<\/p>\n<p>&nbsp;<\/p>\n<h2 style=\"text-align: center;\">Garantie f\u00fcr Zufriedenheit:<\/h2>\n<h2 style=\"text-align: center;\">Professionelle Bau-Planung &amp; Beratung<\/h2>\n<p>&nbsp;<\/p>\n<p>Nat\u00fcrlich muss professionelle Beratung honoriert werden, aber die Investition zahlt sich vom ersten Moment an aus, denn <strong>wir arbeiten mit Baufirmen und Einrichtungsh\u00e4usern zusammen die uns besondere Konditionen bieten<\/strong> die wir auch an unsere<strong> Kunden weitergeben<\/strong> k\u00f6nnen.<br \/>\nDamit wird Euer Umbau auf jeden Fall g\u00fcnstiger als wenn Ihr die Leistung oder die Produkte direkt erwirbt.<br \/>\nOhne Kontrolle durch Fachleute entstehen schnell Ausf\u00fchrungsfehler deren <strong>sp\u00e4tere Behebung meistens sehr schwierig und kostspielig<\/strong> wird.<\/p>\n<p>Lasst Euch durch uns beraten und wir erstellen ein<strong> individuelles Angebot<\/strong> dass sich genau an Eure Anforderungen anpasst. Mallorcapura bietet auch<strong> Leistungspakete verschiedenen Umfangs zum Festpreis<\/strong>. Mehr Information unter:LINK!!<\/p>\n<p>Bedenkt dass man beim eigenen zu Hause jeden<strong> Fehler immer wieder sieht<\/strong> und auch der Wiederverkaufswert geschm\u00e4lert wird, daher setzt lieber auf Fachkompetenz![\/vc_column_text][vc_empty_space][vc_empty_space][\/vc_column][\/vc_row][vc_row css_animation=&#8220;&#8220; row_type=&#8220;row&#8220; use_row_as_full_screen_section=&#8220;no&#8220; type=&#8220;full_width&#8220; angled_section=&#8220;no&#8220; text_align=&#8220;center&#8220; background_image_as_pattern=&#8220;without_pattern&#8220; z_index=&#8220;&#8220;][vc_column][vc_single_image image=&#8220;2892&#8243; img_size=&#8220;full&#8220; alignment=&#8220;center&#8220; qode_css_animation=&#8220;&#8220;][vc_empty_space][\/vc_column][\/vc_row][vc_row css_animation=&#8220;&#8220; row_type=&#8220;row&#8220; use_row_as_full_screen_section=&#8220;no&#8220; type=&#8220;full_width&#8220; angled_section=&#8220;no&#8220; text_align=&#8220;left&#8220; background_image_as_pattern=&#8220;without_pattern&#8220;][vc_column][vc_column_text]<\/p>\n<h3 style=\"text-align: center;\"><span style=\"color: #4cd9f7;\"><strong>EINIGE UNSERER KUNDEN<\/strong><\/span><\/h3>\n<p>[\/vc_column_text][vc_empty_space]<div class='qode_carousels_holder clearfix'><div class='qode_carousels' data-number-of-visible-items='4'><ul class='slides'><li class='item'><div class=\"carousel_item_holder\"><span class='first_image_holder '><img decoding=\"async\" itemprop=\"image\" src=\"http:\/\/mallorcapura.es\/wp-content\/uploads\/2018\/12\/hotel-Melia-cliente.jpg\" alt=\"carousel image\" \/><\/span><\/div><\/li><li class='item'><div class=\"carousel_item_holder\"><span class='first_image_holder '><img decoding=\"async\" itemprop=\"image\" src=\"http:\/\/mallorcapura.es\/wp-content\/uploads\/2018\/12\/zara-home-logo-220x51.jpg\" alt=\"carousel image\" \/><\/span><\/div><\/li><li class='item'><div class=\"carousel_item_holder\"><span class='first_image_holder '><img decoding=\"async\" itemprop=\"image\" src=\"http:\/\/mallorcapura.es\/wp-content\/uploads\/2018\/12\/robinson-hotels-cliente.jpg\" alt=\"carousel image\" \/><\/span><\/div><\/li><li class='item'><div class=\"carousel_item_holder\"><span class='first_image_holder '><img decoding=\"async\" itemprop=\"image\" src=\"http:\/\/mallorcapura.es\/wp-content\/uploads\/2018\/12\/hugo-Boss-cliente.jpg\" alt=\"carousel image\" \/><\/span><\/div><\/li><li class='item'><div class=\"carousel_item_holder\"><span class='first_image_holder '><img decoding=\"async\" itemprop=\"image\" src=\"http:\/\/mallorcapura.es\/wp-content\/uploads\/2018\/12\/nike-cliente-1-1.jpg\" alt=\"carousel image\" \/><\/span><\/div><\/li><li class='item'><div class=\"carousel_item_holder\"><span class='first_image_holder '><img decoding=\"async\" itemprop=\"image\" src=\"http:\/\/mallorcapura.es\/wp-content\/uploads\/2018\/12\/zara-logo-cliente-2.jpg\" alt=\"carousel image\" \/><\/span><\/div><\/li><\/ul><\/div><\/div>[\/vc_column][\/vc_row][vc_row css_animation=&#8220;&#8220; row_type=&#8220;row&#8220; use_row_as_full_screen_section=&#8220;no&#8220; type=&#8220;full_width&#8220; angled_section=&#8220;no&#8220; text_align=&#8220;left&#8220; background_image_as_pattern=&#8220;without_pattern&#8220;][vc_column offset=&#8220;vc_hidden-lg vc_hidden-md vc_hidden-sm&#8220;][vc_single_image image=&#8220;3264&#8243; img_size=&#8220;full&#8220; qode_css_animation=&#8220;&#8220;][vc_single_image image=&#8220;3258&#8243; img_size=&#8220;full&#8220; qode_css_animation=&#8220;&#8220;][\/vc_column][\/vc_row][vc_row css_animation=&#8220;&#8220; row_type=&#8220;row&#8220; use_row_as_full_screen_section=&#8220;no&#8220; type=&#8220;full_width&#8220; angled_section=&#8220;no&#8220; text_align=&#8220;left&#8220; background_image_as_pattern=&#8220;without_pattern&#8220;][vc_column][vc_empty_space][vc_empty_space][vc_column_text]<\/p>\n<h4 style=\"text-align: center;\"><span style=\"color: #00ffff;\"><strong><span style=\"color: #00ccff;\"><a style=\"color: #00ccff;\" href=\"https:\/\/mallorcapura.es\/de\/umbau-einrichtung-mallorca\/umbau-projekte-mallorcapura\/\">\u00bfWillst du einige unserer Umbau- und Innen-Einrichtungs Projekte\u00a0sehen?<\/a><\/span>\u00a0<\/strong><\/span><\/h4>\n<h4 style=\"text-align: center;\"><strong>\u00a0\u00a0<a href=\"https:\/\/mallorcapura.es\/de\/umbau-einrichtung-mallorca\/umbau-projekte-mallorcapura\/\">Umbau &amp; Innen Einrichtung Projekte<\/a><\/strong><\/h4>\n<p>[\/vc_column_text][vc_empty_space][vc_empty_space][\/vc_column][\/vc_row][vc_row css_animation=&#8220;&#8220; row_type=&#8220;row&#8220; use_row_as_full_screen_section=&#8220;no&#8220; type=&#8220;full_width&#8220; angled_section=&#8220;no&#8220; text_align=&#8220;left&#8220; background_image_as_pattern=&#8220;without_pattern&#8220;][vc_column width=&#8220;1\/2&#8243;][vc_column_text]<\/p>\n<p style=\"text-align: center;\"><b>Wir sind in Santa Ponsa, Mallorca<\/b><\/p>\n<p>[\/vc_column_text][vc_separator type=&#8220;transparent&#8220;][vc_gmaps link=&#8220;#E-8_JTNDaWZyYW1lJTIwc3JjJTNEJTIyaHR0cHMlM0ElMkYlMkZ3d3cuZ29vZ2xlLmNvbSUyRm1hcHMlMkZlbWJlZCUzRnBiJTNEJTIxMW0xOCUyMTFtMTIlMjExbTMlMjExZDI0NjI2Ljk0NTIxMDcwNTI0MiUyMTJkMi40NTcyMDk5MjI5OTMwMDYyJTIxM2QzOS41MDYxNzk4OTg2OTAxNCUyMTJtMyUyMTFmMCUyMTJmMCUyMTNmMCUyMTNtMiUyMTFpMTAyNCUyMTJpNzY4JTIxNGYxMy4xJTIxM20zJTIxMW0yJTIxMXMweDEyOTc4OWNjZjNjZTIzMjklMjUzQTB4YTAyYWY3MTdmNTc0MjEwJTIxMnNTYW50YSUyQlBvbnNhJTI1MkMlMkJCYWxlYXJlbiUyMTVlMCUyMTNtMiUyMTFzZGUlMjEyc2VzJTIxNHYxNTM5OTQ3ODE3NTQzJTIyJTIwd2lkdGglM0QlMjI0MDAlMjIlMjBoZWlnaHQlM0QlMjIzMDAlMjIlMjBmcmFtZWJvcmRlciUzRCUyMjAlMjIlMjBzdHlsZSUzRCUyMmJvcmRlciUzQTAlMjIlMjBhbGxvd2Z1bGxzY3JlZW4lM0UlM0MlMkZpZnJhbWUlM0U=&#8220;][vc_separator type=&#8220;transparent&#8220;][vc_separator type=&#8220;transparent&#8220;][vc_separator type=&#8220;transparent&#8220;][\/vc_column][vc_column width=&#8220;1\/2&#8243;]\n<div class=\"wpcf7 no-js\" id=\"wpcf7-f2991-o1\" lang=\"es-ES\" dir=\"ltr\">\n<div class=\"screen-reader-response\"><p role=\"status\" aria-live=\"polite\" aria-atomic=\"true\"><\/p> <ul><\/ul><\/div>\n<form action=\"\/de\/wp-json\/wp\/v2\/pages\/2787#wpcf7-f2991-o1\" method=\"post\" class=\"wpcf7-form init cf7_custom_style_1\" aria-label=\"Formulario de contacto\" novalidate=\"novalidate\" data-status=\"init\">\n<div style=\"display: none;\">\n<input type=\"hidden\" name=\"_wpcf7\" value=\"2991\" \/>\n<input type=\"hidden\" name=\"_wpcf7_version\" value=\"5.9.8\" \/>\n<input type=\"hidden\" name=\"_wpcf7_locale\" value=\"es_ES\" \/>\n<input type=\"hidden\" name=\"_wpcf7_unit_tag\" value=\"wpcf7-f2991-o1\" \/>\n<input type=\"hidden\" name=\"_wpcf7_container_post\" value=\"0\" \/>\n<input type=\"hidden\" name=\"_wpcf7_posted_data_hash\" value=\"\" \/>\n<\/div>\n<p><label> Name (erforderlich)<br \/>\n<span class=\"wpcf7-form-control-wrap\" data-name=\"your-name\"><input size=\"40\" maxlength=\"400\" class=\"wpcf7-form-control wpcf7-text wpcf7-validates-as-required\" aria-required=\"true\" aria-invalid=\"false\" value=\"\" type=\"text\" name=\"your-name\" \/><\/span> <\/label>\n<\/p>\n<p><label> E-mail (erforderlich)<br \/>\n<span class=\"wpcf7-form-control-wrap\" data-name=\"your-email\"><input size=\"40\" maxlength=\"400\" class=\"wpcf7-form-control wpcf7-email wpcf7-validates-as-required wpcf7-text wpcf7-validates-as-email\" aria-required=\"true\" aria-invalid=\"false\" value=\"\" type=\"email\" name=\"your-email\" \/><\/span> <\/label>\n<\/p>\n<p><label> Deine Nachricht<br \/>\n<span class=\"wpcf7-form-control-wrap\" data-name=\"your-message\"><textarea cols=\"40\" rows=\"10\" maxlength=\"2000\" class=\"wpcf7-form-control wpcf7-textarea\" aria-invalid=\"false\" name=\"your-message\"><\/textarea><\/span> <\/label>\n<\/p>\n<p><input class=\"wpcf7-form-control wpcf7-submit has-spinner\" type=\"submit\" value=\"Senden\" \/>\n<\/p><div class=\"wpcf7-response-output\" aria-hidden=\"true\"><\/div>\n<\/form>\n<\/div>\n[vc_separator type=&#8220;transparent&#8220;][vc_separator type=&#8220;transparent&#8220;][vc_separator type=&#8220;transparent&#8220;][\/vc_column][\/vc_row]<\/p>\n","protected":false},"excerpt":{"rendered":"<p>[vc_row css_animation=&#8220;&#8220; row_type=&#8220;row&#8220; use_row_as_full_screen_section=&#8220;no&#8220; type=&#8220;full_width&#8220; angled_section=&#8220;no&#8220; text_align=&#8220;left&#8220; background_image_as_pattern=&#8220;without_pattern&#8220;][vc_column][vc_empty_space][vc_column_text] RENOVIERE DEINE WOHNUNG AUF MALLORCA [\/vc_column_text][vc_column_text] UMBAU &amp; INNEN-EINRICHTUNG [\/vc_column_text][vc_separator type=&#8220;transparent&#8220;][vc_empty_space][vc_row_inner row_type=&#8220;row&#8220; type=&#8220;full_width&#8220; text_align=&#8220;left&#8220; background_color=&#8220;#afe3f9&#8243; css_animation=&#8220;&#8220;][vc_column_inner width=&#8220;1\/4&#8243;][\/vc_column_inner][vc_column_inner width=&#8220;1\/2&#8243;][\/vc_column_inner][vc_column_inner width=&#8220;1\/4&#8243;][\/vc_column_inner][\/vc_row_inner][vc_empty_space][vc_column_text] Der Traum von der eigenen Wohnung auf Mallorca die man genau nach den pers\u00f6nlichen W\u00fcnschen und Vorstellungen gestalten kann wird manchmal schnell zum Alptraum wenn man nicht von richtigen Fachleuten beraten wird. Dabei m\u00fcssen Experten nicht zwangsl\u00e4ufig teuer sein. Bei Mallorcapura passen wir unsere Kosten an Eure Priorit\u00e4ten an. Auch wenn Ihr nur einen Teil der Planungsleistung bei unser beauftragt, so gibt es Euch doch die Garantie, da\u00df das Projekt in die richtige&#8230;<\/p>\n","protected":false},"author":1,"featured_media":0,"parent":0,"menu_order":0,"comment_status":"closed","ping_status":"closed","template":"","meta":{"_monsterinsights_skip_tracking":false,"_monsterinsights_sitenote_active":false,"_monsterinsights_sitenote_note":"","_monsterinsights_sitenote_category":0,"footnotes":""},"_links":{"self":[{"href":"https:\/\/mallorcapura.es\/de\/wp-json\/wp\/v2\/pages\/2787"}],"collection":[{"href":"https:\/\/mallorcapura.es\/de\/wp-json\/wp\/v2\/pages"}],"about":[{"href":"https:\/\/mallorcapura.es\/de\/wp-json\/wp\/v2\/types\/page"}],"author":[{"embeddable":true,"href":"https:\/\/mallorcapura.es\/de\/wp-json\/wp\/v2\/users\/1"}],"replies":[{"embeddable":true,"href":"https:\/\/mallorcapura.es\/de\/wp-json\/wp\/v2\/comments?post=2787"}],"version-history":[{"count":1,"href":"https:\/\/mallorcapura.es\/de\/wp-json\/wp\/v2\/pages\/2787\/revisions"}],"predecessor-version":[{"id":6976,"href":"https:\/\/mallorcapura.es\/de\/wp-json\/wp\/v2\/pages\/2787\/revisions\/6976"}],"wp:attachment":[{"href":"https:\/\/mallorcapura.es\/de\/wp-json\/wp\/v2\/media?parent=2787"}],"curies":[{"name":"wp","href":"https:\/\/api.w.org\/{rel}","templated":true}]}}